{"id":419,"date":"2021-11-14T00:04:57","date_gmt":"2021-11-13T23:04:57","guid":{"rendered":"http:\/\/www.brodeuseandsisters.be\/?page_id=419"},"modified":"2024-12-14T14:23:02","modified_gmt":"2024-12-14T13:23:02","slug":"tarifs","status":"publish","type":"page","link":"https:\/\/www.brodeuseandsisters.be\/index.php\/tarifs\/","title":{"rendered":"Tarifs"},"content":{"rendered":"<h1>Tarifs<\/h1>\n<div>\n<p>Prix indicatifs (2023)<\/p>\n<\/div>\n<h2>Sp\u00e9cial Naissance<\/h2>\n<hr>\n<ul>\n<li>\n<h3>Doudou rond lapin ou renard<\/h3>\n<p>22\u20ac<\/p>\n<div>\n<p>Option : broderie du pr\u00e9nom : 5\u20ac<\/p>\n<\/div>\n<\/li>\n<li>\n<h3>Bavoir lapin<\/h3>\n<p>20\u20ac<\/p>\n<div>\n<p>Option : broderie du pr\u00e9nom : 5\u20ac<\/p>\n<\/div>\n<\/li>\n<li>\n<h3>Couverture de naissance (prix \u00e0 partir de)<\/h3>\n<p>45\u20ac<\/p>\n<\/li>\n<li>\n<h3>Cadre veilleuse<\/h3>\n<p>28\u20ac<\/p>\n<\/li>\n<li>\n<h3>Cape de bain (80cm x 80cm) avec broderie du pr\u00e9nom<\/h3>\n<p>23\u20ac<\/p>\n<\/li>\n<li>\n<h3>Grand cadre de naissance en bois (diff\u00e9rents mod\u00e8les possibles avec pr\u00e9nom, date, heure, poids et taille)<\/h3>\n<p>45\u20ac<\/p>\n<\/li>\n<li>\n<h3>Petit cadre en bois avec pr\u00e9nom <\/h3>\n<p>22\u20ac<\/p>\n<\/li>\n<\/ul>\n<h2>Essuies (Made in Belgium)<\/h2>\n<hr>\n<ul>\n<li>\n<h3>Essuie en coton 500gr\/m\u00b2 (100cm x 150cm) avec pr\u00e9nom brod\u00e9<\/h3>\n<p>47\u20ac<\/p>\n<\/li>\n<li>\n<h3>Essuie en coton 500gr\/m\u00b2 (70cm x 140cm) avec pr\u00e9nom brod\u00e9<\/h3>\n<p>34\u20ac<\/p>\n<\/li>\n<li>\n<h3>Essuie en lin et coton 550gr\/m\u00b2 (70cm x 140cm) avec pr\u00e9nom brod\u00e9<\/h3>\n<p>37\u20ac<\/p>\n<\/li>\n<li>\n<h3>Essuie en jeans recycl\u00e9 450gr\/m\u00b2 (70cm x 140cm) avec pr\u00e9nom brod\u00e9<\/h3>\n<p>28\u20ac<\/p>\n<\/li>\n<li>\n<h3>Essuie en coton 500gr\/m\u00b2 (50cm x 100cm) avec pr\u00e9nom brod\u00e9<\/h3>\n<p>22\u20ac<\/p>\n<\/li>\n<li>\n<h3>Essuie en jeans recycl\u00e9 450gr\/m\u00b2 (50cm x 100cm) avec pr\u00e9nom brod\u00e9<\/h3>\n<p>20\u20ac<\/p>\n<\/li>\n<li>\n<h3>Gant de toilette en coton avec pr\u00e9nom brod\u00e9 (ou initiales selon la taille) <\/h3>\n<p>9\u20ac<\/p>\n<\/li>\n<li>\n<h3>Pr\u00e9nom brod\u00e9 sur votre essuie<\/h3>\n<p>12\u20ac<\/p>\n<\/li>\n<li>\n<h3>Petit motif suppl\u00e9mentaire<\/h3>\n<p>5\u20ac<\/p>\n<\/li>\n<\/ul>\n<h2><span class=\"JsGRdQ\">Maison<\/span><\/h2>\n<hr>\n<ul>\n<li>\n<h3>Plaid (130cm x 1160 cm) avec broderie<\/h3>\n<p>39\u20ac<\/p>\n<\/li>\n<li>\n<h3>Fouta (125cm x 175cm)<\/h3>\n<p>37\u20ac<\/p>\n<div>\n<p>Made in Belgium<\/p>\n<\/div>\n<\/li>\n<li>\n<h3>Essuie de cuisine (50cm x 70cm) brod\u00e9<\/h3>\n<p>12\u20ac<\/p>\n<\/li>\n<li>\n<h3>Essuie de cuisine en \u00e9ponge (50cm x 50cm) brod\u00e9<\/h3>\n<p>14\u20ac<\/p>\n<div>\n<p>Made in Belgium<\/p>\n<\/div>\n<\/li>\n<\/ul>\n<h2><span class=\"JsGRdQ\">Sacs et pochettes<\/span><\/h2>\n<hr>\n<ul>\n<li>\n<h3>Sac \u00e0 main patchwork (grand)<\/h3>\n<p>49\u20ac<\/p>\n<\/li>\n<li>\n<h3>Sac \u00e0 main patchwork (petit)<\/h3>\n<p>39\u20ac<\/p>\n<\/li>\n<li>\n<h3>Pochette verticale<\/h3>\n<p>29\u20ac<\/p>\n<\/li>\n<\/ul>\n<h2>Trousses<\/h2>\n<hr>\n<ul>\n<li>\n<h3>Grande trousse (23cm x 13cm)<\/h3>\n<p>20\u20ac<\/p>\n<\/li>\n<li>\n<h3>Petite trousse (16cm x 11cm)<\/h3>\n<p>15\u20ac<\/p>\n<\/li>\n<li>\n<h3>Trousse porte cartes (10,5cm x 7cm)<\/h3>\n<p>12\u20ac<\/p>\n<\/li>\n<li>\n<h3>Trousse en trap\u00e8ze<\/h3>\n<p>22\u20ac<\/p>\n<\/li>\n<li>\n<h3>Plumiers<\/h3>\n<p>22\u20ac<\/p>\n<\/li>\n<li>\n<h3>Porte-monnaie (8cm x 9cm)<\/h3>\n<p>10\u20ac<\/p>\n<\/li>\n<li>\n<h3>Grande pochette \u00e0 mouchoirs (10cm x 15cm)<\/h3>\n<p>10\u20ac<\/p>\n<\/li>\n<li>\n<h3>Petite pochette \u00e0 mouchoirs (9cm x 13cm)<\/h3>\n<p>8\u20ac<\/p>\n<\/li>\n<li>\n<h3>Trousse en patchwork (18cm x 14cm)<\/h3>\n<p>18\u20ac<\/p>\n<\/li>\n<\/ul>\n<h2>F\u00eates<\/h2>\n<hr>\n<ul>\n<li>\n<h3>T\u00eate de No\u00ebl <\/h3>\n<p>6\u20ac<\/p>\n<\/li>\n<li>\n<h3>Cadre de No\u00ebl <\/h3>\n<p>45\u20ac<\/p>\n<\/li>\n<li>\n<h3>Chaussette de No\u00ebl avec pr\u00e9nom<\/h3>\n<p>15\u20ac<\/p>\n<\/li>\n<li>\n<h3>Cadre &#8220;Merry Christmas&#8221;<\/h3>\n<p>15\u20ac<\/p>\n<\/li>\n<li>\n<h3>Cadre &#8220;Happy New Year&#8221;<\/h3>\n<p>15\u20ac<\/p>\n<\/li>\n<li>\n<h3>Petit panier de P\u00e2ques<\/h3>\n<p>12\u20ac<\/p>\n<\/li>\n<\/ul>\n<h2>Demandes Sp\u00e9cifiques<\/h2>\n<hr>\n<ul>\n<li>\n<h3>Num\u00e9risation de votre logo, image,&#8230;<\/h3>\n<p>sur devis<\/p>\n<\/li>\n<li>\n<h3>Broderie (en fonction du nombre de points)<\/h3>\n<p>sur devis<\/p>\n<\/li>\n<li>\n<div>\n<p>Exemple :<\/p>\n<p>Vous souhaitez broder votre logo sur 15 tabliers : \u00a0frais de num\u00e9risation du logo (1 fois) + co\u00fbt de la broderie en fonction du nombre de points (x15 tabliers)<\/p>\n<\/div>\n<\/li>\n<\/ul>\n<h2>Pour passer commande ou en savoir plus :<\/h2>\n<p>\n    <a href=\"mailto:brodeuseandsisters@gmail.com\">Contactez-nous<\/a>\n<\/p>\n<p><!--more--><br \/>\n<!-- {\"children\":[{\"name\":\"Menu\",\"type\":\"section\",\"props\":{\"animation\":\"fade\",\"image\":\"wp-content\\\/uploads\\\/2021\\\/11\\\/IMG_1280-scaled-e1636843870315.jpg\",\"image_effect\":\"fixed\",\"image_fixed\":true,\"image_position\":\"center-center\",\"image_size\":\"cover\",\"image_width\":\"1920\",\"padding\":\"large\",\"padding_remove_top\":false,\"style\":\"default\",\"title_breakpoint\":\"xl\",\"title_position\":\"top-left\",\"title_rotation\":\"left\",\"vertical_align\":\"\",\"width\":\"default\"},\"children\":[{\"type\":\"row\",\"children\":[{\"type\":\"column\",\"props\":{\"image_position\":\"center-center\",\"padding\":\"large\",\"position_sticky_breakpoint\":\"m\",\"style\":\"tile-default\",\"width_medium\":\"1-1\"},\"children\":[{\"type\":\"headline\",\"props\":{\"content\":\"Tarifs\",\"text_align\":\"center\",\"title_element\":\"h1\",\"title_style\":\"heading-small\"}},{\"type\":\"text\",\"props\":{\"block_align\":\"center\",\"column_breakpoint\":\"m\",\"content\":\"\n\n<p>Prix indicatifs (2023)<\\\/p>\",\"margin\":\"large\",\"margin_remove_top\":true,\"maxwidth\":\"large\",\"text_align\":\"center\"}},{\"type\":\"headline\",\"props\":{\"content\":\"Sp\\u00e9cial Naissance\",\"margin\":\"small\",\"margin_remove_top\":false,\"text_align\":\"center\",\"title_element\":\"h2\",\"title_style\":\"h1\"}},{\"type\":\"divider\",\"props\":{\"divider_align\":\"center\",\"divider_element\":\"hr\",\"divider_style\":\"small\"}},{\"type\":\"description_list\",\"props\":{\"block_align\":\"center\",\"column_breakpoint\":\"m\",\"layout\":\"grid-2-m\",\"list_element\":\"ul\",\"list_size\":\"large\",\"margin\":\"large\",\"maxwidth\":\"xlarge\",\"meta_align\":\"bottom\",\"meta_color\":\"primary\",\"meta_style\":\"\",\"show_content\":true,\"show_link\":true,\"show_meta\":true,\"show_title\":true,\"title_element\":\"div\",\"title_grid_column_gap\":\"small\",\"title_grid_row_gap\":\"small\",\"title_grid_width\":\"expand\",\"title_leader\":true},\"children\":[{\"type\":\"description_list_item\",\"props\":{\"content\":\"\n\n<p>Option : broderie du pr\\u00e9nom : 5\\u20ac<\\\/p>\",\"meta\":\"22\\u20ac\",\"title\":\"Doudou rond lapin ou renard\"}},{\"type\":\"description_list_item\",\"props\":{\"content\":\"\n\n<p>Option : broderie du pr\\u00e9nom : 5\\u20ac<\\\/p>\",\"meta\":\"20\\u20ac\",\"title\":\"Bavoir lapin\"}},{\"type\":\"description_list_item\",\"props\":{\"content\":\"\",\"meta\":\"45\\u20ac\",\"title\":\"Couverture de naissance (prix \\u00e0 partir de)\"}},{\"type\":\"description_list_item\",\"props\":{\"content\":\"\",\"meta\":\"28\\u20ac\",\"title\":\"Cadre veilleuse\"}},{\"type\":\"description_list_item\",\"props\":{\"content\":\"\",\"meta\":\"23\\u20ac\",\"title\":\"Cape de bain (80cm x 80cm) avec broderie du pr\\u00e9nom\"}},{\"type\":\"description_list_item\",\"props\":{\"content\":\"\",\"meta\":\"45\\u20ac\",\"title\":\"Grand cadre de naissance en bois (diff\\u00e9rents mod\\u00e8les possibles avec pr\\u00e9nom, date, heure, poids et taille)\"}},{\"type\":\"description_list_item\",\"props\":{\"content\":\"\",\"meta\":\"22\\u20ac\",\"title\":\"Petit cadre en bois avec pr\\u00e9nom \"}}]},{\"type\":\"headline\",\"props\":{\"content\":\"Essuies (Made in Belgium)\",\"margin\":\"small\",\"margin_remove_top\":false,\"text_align\":\"center\",\"title_element\":\"h2\",\"title_style\":\"h1\"}},{\"type\":\"divider\",\"props\":{\"divider_align\":\"center\",\"divider_element\":\"hr\",\"divider_style\":\"small\"}},{\"type\":\"description_list\",\"props\":{\"block_align\":\"center\",\"column_breakpoint\":\"m\",\"layout\":\"grid-2-m\",\"list_element\":\"ul\",\"list_size\":\"large\",\"margin\":\"large\",\"maxwidth\":\"xlarge\",\"meta_align\":\"bottom\",\"meta_color\":\"primary\",\"meta_style\":\"\",\"show_content\":true,\"show_link\":true,\"show_meta\":true,\"show_title\":true,\"title_element\":\"div\",\"title_grid_column_gap\":\"small\",\"title_grid_row_gap\":\"small\",\"title_grid_width\":\"expand\",\"title_leader\":true},\"children\":[{\"type\":\"description_list_item\",\"props\":{\"content\":\"\",\"meta\":\"47\\u20ac\",\"title\":\"Essuie en coton 500gr\\\/m\\u00b2 (100cm x 150cm) avec pr\\u00e9nom brod\\u00e9\"}},{\"type\":\"description_list_item\",\"props\":{\"content\":\"\",\"meta\":\"34\\u20ac\",\"title\":\"Essuie en coton 500gr\\\/m\\u00b2 (70cm x 140cm) avec pr\\u00e9nom brod\\u00e9\"}},{\"type\":\"description_list_item\",\"props\":{\"content\":\"\",\"meta\":\"37\\u20ac\",\"title\":\"Essuie en lin et coton 550gr\\\/m\\u00b2 (70cm x 140cm) avec pr\\u00e9nom brod\\u00e9\"}},{\"type\":\"description_list_item\",\"props\":{\"content\":\"\",\"meta\":\"28\\u20ac\",\"title\":\"Essuie en jeans recycl\\u00e9 450gr\\\/m\\u00b2 (70cm x 140cm) avec pr\\u00e9nom brod\\u00e9\"}},{\"type\":\"description_list_item\",\"props\":{\"content\":\"\",\"meta\":\"22\\u20ac\",\"title\":\"Essuie en coton 500gr\\\/m\\u00b2 (50cm x 100cm) avec pr\\u00e9nom brod\\u00e9\"}},{\"type\":\"description_list_item\",\"props\":{\"content\":\"\",\"meta\":\"20\\u20ac\",\"title\":\"Essuie en jeans recycl\\u00e9 450gr\\\/m\\u00b2 (50cm x 100cm) avec pr\\u00e9nom brod\\u00e9\"}},{\"type\":\"description_list_item\",\"props\":{\"content\":\"\",\"meta\":\"9\\u20ac\",\"title\":\"Gant de toilette en coton avec pr\\u00e9nom brod\\u00e9 (ou initiales selon la taille) \"}},{\"type\":\"description_list_item\",\"props\":{\"content\":\"\",\"meta\":\"12\\u20ac\",\"title\":\"Pr\\u00e9nom brod\\u00e9 sur votre essuie\"}},{\"type\":\"description_list_item\",\"props\":{\"content\":\"\",\"meta\":\"5\\u20ac\",\"title\":\"Petit motif suppl\\u00e9mentaire\"}}]},{\"type\":\"headline\",\"props\":{\"content\":\"<span class=\\\"JsGRdQ\\\">Maison<\\\/span>\",\"margin\":\"small\",\"margin_remove_bottom\":false,\"margin_remove_top\":false,\"text_align\":\"center\",\"title_element\":\"h2\",\"title_style\":\"h1\"}},{\"type\":\"divider\",\"props\":{\"divider_align\":\"center\",\"divider_element\":\"hr\",\"divider_style\":\"small\"}},{\"type\":\"description_list\",\"props\":{\"block_align\":\"center\",\"column_breakpoint\":\"m\",\"layout\":\"grid-2-m\",\"list_element\":\"ul\",\"list_size\":\"large\",\"margin\":\"large\",\"maxwidth\":\"xlarge\",\"meta_align\":\"bottom\",\"meta_color\":\"primary\",\"meta_style\":\"\",\"show_content\":true,\"show_link\":false,\"show_meta\":true,\"show_title\":true,\"title_element\":\"div\",\"title_grid_column_gap\":\"small\",\"title_grid_row_gap\":\"small\",\"title_grid_width\":\"expand\",\"title_leader\":true},\"children\":[{\"type\":\"description_list_item\",\"props\":{\"content\":\"\",\"meta\":\"39\\u20ac\",\"title\":\"Plaid (130cm x 1160 cm) avec broderie\"}},{\"type\":\"description_list_item\",\"props\":{\"content\":\"\n\n<p>Made in Belgium<\\\/p>\",\"meta\":\"37\\u20ac\",\"title\":\"Fouta (125cm x 175cm)\"}},{\"type\":\"description_list_item\",\"props\":{\"content\":\"\",\"meta\":\"12\\u20ac\",\"title\":\"Essuie de cuisine (50cm x 70cm) brod\\u00e9\"}},{\"type\":\"description_list_item\",\"props\":{\"content\":\"\n\n<p>Made in Belgium<\\\/p>\",\"meta\":\"14\\u20ac\",\"title\":\"Essuie de cuisine en \\u00e9ponge (50cm x 50cm) brod\\u00e9\"}}]},{\"type\":\"headline\",\"props\":{\"content\":\"<span class=\\\"JsGRdQ\\\">Sacs et pochettes<\\\/span>\",\"margin\":\"small\",\"margin_remove_bottom\":false,\"margin_remove_top\":false,\"text_align\":\"center\",\"title_element\":\"h2\",\"title_style\":\"h1\"}},{\"type\":\"divider\",\"props\":{\"divider_align\":\"center\",\"divider_element\":\"hr\",\"divider_style\":\"small\"}},{\"type\":\"description_list\",\"props\":{\"block_align\":\"center\",\"column_breakpoint\":\"m\",\"layout\":\"grid-2-m\",\"list_element\":\"ul\",\"list_size\":\"large\",\"margin\":\"large\",\"maxwidth\":\"xlarge\",\"meta_align\":\"bottom\",\"meta_color\":\"primary\",\"meta_style\":\"\",\"show_content\":true,\"show_link\":false,\"show_meta\":true,\"show_title\":true,\"title_element\":\"div\",\"title_grid_column_gap\":\"small\",\"title_grid_row_gap\":\"small\",\"title_grid_width\":\"expand\",\"title_leader\":true},\"children\":[{\"type\":\"description_list_item\",\"props\":{\"content\":\"\",\"meta\":\"49\\u20ac\",\"title\":\"Sac \\u00e0 main patchwork (grand)\"}},{\"type\":\"description_list_item\",\"props\":{\"content\":\"\",\"meta\":\"39\\u20ac\",\"title\":\"Sac \\u00e0 main patchwork (petit)\"}},{\"type\":\"description_list_item\",\"props\":{\"content\":\"\",\"meta\":\"29\\u20ac\",\"title\":\"Pochette verticale\"}}]},{\"type\":\"headline\",\"props\":{\"content\":\"Trousses\",\"margin\":\"small\",\"margin_remove_top\":false,\"text_align\":\"center\",\"title_element\":\"h2\",\"title_style\":\"h1\"}},{\"type\":\"divider\",\"props\":{\"divider_align\":\"center\",\"divider_element\":\"hr\",\"divider_style\":\"small\"}},{\"type\":\"description_list\",\"props\":{\"block_align\":\"center\",\"column_breakpoint\":\"m\",\"layout\":\"grid-2-m\",\"list_element\":\"ul\",\"list_size\":\"large\",\"margin\":\"large\",\"maxwidth\":\"xlarge\",\"meta_align\":\"bottom\",\"meta_color\":\"primary\",\"meta_style\":\"\",\"show_content\":true,\"show_link\":true,\"show_meta\":true,\"show_title\":true,\"title_element\":\"div\",\"title_grid_column_gap\":\"small\",\"title_grid_row_gap\":\"small\",\"title_grid_width\":\"expand\",\"title_leader\":true},\"children\":[{\"type\":\"description_list_item\",\"props\":{\"content\":\"\",\"meta\":\"20\\u20ac\",\"title\":\"Grande trousse (23cm x 13cm)\"}},{\"type\":\"description_list_item\",\"props\":{\"content\":\"\",\"meta\":\"15\\u20ac\",\"title\":\"Petite trousse (16cm x 11cm)\"}},{\"type\":\"description_list_item\",\"props\":{\"content\":\"\",\"meta\":\"12\\u20ac\",\"title\":\"Trousse porte cartes (10,5cm x 7cm)\"}},{\"type\":\"description_list_item\",\"props\":{\"content\":\"\",\"meta\":\"22\\u20ac\",\"title\":\"Trousse en trap\\u00e8ze\"}},{\"type\":\"description_list_item\",\"props\":{\"content\":\"\",\"meta\":\"22\\u20ac\",\"title\":\"Plumiers\"}},{\"type\":\"description_list_item\",\"props\":{\"content\":\"\",\"meta\":\"10\\u20ac\",\"title\":\"Porte-monnaie (8cm x 9cm)\"}},{\"type\":\"description_list_item\",\"props\":{\"meta\":\"10\\u20ac\",\"title\":\"Grande pochette \\u00e0 mouchoirs (10cm x 15cm)\"}},{\"type\":\"description_list_item\",\"props\":{\"meta\":\"8\\u20ac\",\"title\":\"Petite pochette \\u00e0 mouchoirs (9cm x 13cm)\"}},{\"type\":\"description_list_item\",\"props\":{\"meta\":\"18\\u20ac\",\"title\":\"Trousse en patchwork (18cm x 14cm)\"}}]},{\"type\":\"headline\",\"props\":{\"content\":\"F\\u00eates\",\"margin\":\"small\",\"margin_remove_top\":false,\"text_align\":\"center\",\"title_element\":\"h2\",\"title_style\":\"h1\"}},{\"type\":\"divider\",\"props\":{\"divider_align\":\"center\",\"divider_element\":\"hr\",\"divider_style\":\"small\"}},{\"type\":\"description_list\",\"props\":{\"block_align\":\"center\",\"column_breakpoint\":\"m\",\"layout\":\"grid-2-m\",\"list_element\":\"ul\",\"list_size\":\"large\",\"margin\":\"large\",\"maxwidth\":\"xlarge\",\"meta_align\":\"bottom\",\"meta_color\":\"primary\",\"meta_style\":\"\",\"show_content\":true,\"show_link\":true,\"show_meta\":true,\"show_title\":true,\"title_element\":\"div\",\"title_grid_column_gap\":\"small\",\"title_grid_row_gap\":\"small\",\"title_grid_width\":\"expand\",\"title_leader\":true},\"children\":[{\"type\":\"description_list_item\",\"props\":{\"content\":\"\",\"meta\":\"6\\u20ac\",\"title\":\"T\\u00eate de No\\u00ebl \"}},{\"type\":\"description_list_item\",\"props\":{\"content\":\"\",\"meta\":\"45\\u20ac\",\"title\":\"Cadre de No\\u00ebl \"}},{\"type\":\"description_list_item\",\"props\":{\"content\":\"\",\"meta\":\"15\\u20ac\",\"title\":\"Chaussette de No\\u00ebl avec pr\\u00e9nom\"}},{\"type\":\"description_list_item\",\"props\":{\"content\":\"\",\"meta\":\"15\\u20ac\",\"title\":\"Cadre \\\"Merry Christmas\\\"\"}},{\"type\":\"description_list_item\",\"props\":{\"content\":\"\",\"meta\":\"15\\u20ac\",\"title\":\"Cadre \\\"Happy New Year\\\"\"}},{\"type\":\"description_list_item\",\"props\":{\"content\":\"\",\"meta\":\"12\\u20ac\",\"title\":\"Petit panier de P\\u00e2ques\"}}]},{\"type\":\"headline\",\"props\":{\"content\":\"Demandes Sp\\u00e9cifiques\",\"margin\":\"small\",\"margin_remove_top\":false,\"text_align\":\"center\",\"title_element\":\"h2\",\"title_style\":\"h1\"}},{\"type\":\"divider\",\"props\":{\"divider_align\":\"center\",\"divider_element\":\"hr\",\"divider_style\":\"small\"}},{\"type\":\"description_list\",\"props\":{\"block_align\":\"center\",\"column_breakpoint\":\"m\",\"layout\":\"grid-2-m\",\"list_element\":\"ul\",\"list_size\":\"large\",\"margin\":\"large\",\"maxwidth\":\"xlarge\",\"meta_align\":\"bottom\",\"meta_color\":\"primary\",\"meta_style\":\"\",\"show_content\":true,\"show_link\":false,\"show_meta\":true,\"show_title\":true,\"title_element\":\"div\",\"title_grid_column_gap\":\"small\",\"title_grid_row_gap\":\"small\",\"title_grid_width\":\"expand\",\"title_leader\":true},\"children\":[{\"type\":\"description_list_item\",\"props\":{\"meta\":\"sur devis\",\"title\":\"Num\\u00e9risation de votre logo, image,...\"}},{\"type\":\"description_list_item\",\"props\":{\"meta\":\"sur devis\",\"title\":\"Broderie (en fonction du nombre de points)\"}},{\"type\":\"description_list_item\",\"props\":{\"content\":\"\n\n<p>Exemple :<\\\/p>\\n\n\n<p>Vous souhaitez broder votre logo sur 15 tabliers : \\u00a0frais de num\\u00e9risation du logo (1 fois) + co\\u00fbt de la broderie en fonction du nombre de points (x15 tabliers)<\\\/p>\",\"meta\":\"\",\"title\":\"\"}}]},{\"type\":\"headline\",\"props\":{\"content\":\"Pour passer commande ou en savoir plus :\",\"margin\":\"small\",\"margin_remove_top\":false,\"text_align\":\"center\",\"title_element\":\"h2\",\"title_style\":\"h1\"}},{\"type\":\"button\",\"props\":{\"grid_column_gap\":\"small\",\"grid_row_gap\":\"small\",\"margin\":\"default\",\"text_align\":\"center\"},\"children\":[{\"type\":\"button_item\",\"props\":{\"button_style\":\"primary\",\"content\":\"Contactez-nous\",\"icon_align\":\"left\",\"link\":\"mailto:brodeuseandsisters@gmail.com\",\"link_title\":\"Contactez-nous\"}}]}]}]}]}],\"version\":\"4.4.16\",\"type\":\"layout\"} --><\/p>\n","protected":false},"excerpt":{"rendered":"<p>Tarifs Prix indicatifs (2023) Sp\u00e9cial Naissance Doudou rond lapin ou renard 22\u20ac Option : broderie du pr\u00e9nom : 5\u20ac Bavoir lapin 20\u20ac Option : broderie du pr\u00e9nom : 5\u20ac Couverture de naissance (prix \u00e0 partir de) 45\u20ac Cadre veilleuse 28\u20ac Cape de bain (80cm x 80cm) avec broderie du pr\u00e9nom 23\u20ac Grand cadre de naissance [&hellip;]<\/p>\n","protected":false},"author":1,"featured_media":0,"parent":0,"menu_order":0,"comment_status":"closed","ping_status":"closed","template":"","meta":{"footnotes":""},"class_list":["post-419","page","type-page","status-publish","hentry"],"_links":{"self":[{"href":"https:\/\/www.brodeuseandsisters.be\/index.php\/wp-json\/wp\/v2\/pages\/419","targetHints":{"allow":["GET"]}}],"collection":[{"href":"https:\/\/www.brodeuseandsisters.be\/index.php\/wp-json\/wp\/v2\/pages"}],"about":[{"href":"https:\/\/www.brodeuseandsisters.be\/index.php\/wp-json\/wp\/v2\/types\/page"}],"author":[{"embeddable":true,"href":"https:\/\/www.brodeuseandsisters.be\/index.php\/wp-json\/wp\/v2\/users\/1"}],"replies":[{"embeddable":true,"href":"https:\/\/www.brodeuseandsisters.be\/index.php\/wp-json\/wp\/v2\/comments?post=419"}],"version-history":[{"count":18,"href":"https:\/\/www.brodeuseandsisters.be\/index.php\/wp-json\/wp\/v2\/pages\/419\/revisions"}],"predecessor-version":[{"id":513,"href":"https:\/\/www.brodeuseandsisters.be\/index.php\/wp-json\/wp\/v2\/pages\/419\/revisions\/513"}],"wp:attachment":[{"href":"https:\/\/www.brodeuseandsisters.be\/index.php\/wp-json\/wp\/v2\/media?parent=419"}],"curies":[{"name":"wp","href":"https:\/\/api.w.org\/{rel}","templated":true}]}}