{"id":368,"date":"2021-11-13T22:20:48","date_gmt":"2021-11-13T21:20:48","guid":{"rendered":"https:\/\/www.brodeuseandsisters.be\/?page_id=368"},"modified":"2024-12-14T13:58:17","modified_gmt":"2024-12-14T12:58:17","slug":"accueil-2","status":"publish","type":"page","link":"https:\/\/www.brodeuseandsisters.be\/","title":{"rendered":"Accueil"},"content":{"rendered":"<h1><span style=\"font-weight: 400;\">Tout le plaisir d&#8217;offrir un cadeau personnalis\u00e9 !<\/span><br \/><span class=\"uk-text-primary\"><span class=\"uk-text-primary\"><span style=\"font-weight: 400;\">La conception, la confection et les broderies sont enti\u00e8rement r\u00e9alis\u00e9es par Kathleen dans notre atelier de Bierges (Wavre).<\/span><\/span><\/span><\/p>\n<\/h1>\n<ul>\n<li>\n<p>        <img decoding=\"async\" src=\"\/wp-content\/uploads\/2021\/11\/IMG_0594.jpg\" alt=\"\"><\/p>\n<h2>Un loup majestueux pour une taie d&#8217;oreiller<\/h2>\n<p><a href=\"#\"><\/a><\/p>\n<\/li>\n<li>\n<p>        <img decoding=\"async\" src=\"\/wp-content\/uploads\/2021\/11\/IMG_0814-1.jpg\" alt=\"\"><\/p>\n<h2>Un cadre de naissance pour Alexandre<\/h2>\n<p><a href=\"#\"><\/a><\/p>\n<\/li>\n<li>\n<p>        <img decoding=\"async\" src=\"\/wp-content\/uploads\/2021\/11\/IMG_0758.jpg\" alt=\"\"><\/p>\n<h2>Un bel essuie de bain pour Lila<\/h2>\n<p><a href=\"#\"><\/a><\/p>\n<\/li>\n<li>\n<p>        <img decoding=\"async\" src=\"\/wp-content\/uploads\/2021\/11\/IMG_0509-e1636836825907.jpg\" alt=\"\"><\/p>\n<h2>Une chaussette de No\u00ebl pour Timmy<\/h2>\n<p><a href=\"#\"><\/a><\/p>\n<\/li>\n<li>\n<p>        <img decoding=\"async\" src=\"\/wp-content\/uploads\/2021\/11\/IMG_1260-scaled-e1636819150741.jpg\" alt=\"\"><\/p>\n<h2>Un petit chat qui deviendra grand sur le dos d\u2019un pull<\/h2>\n<\/li>\n<li>\n<p>        <img decoding=\"async\" src=\"\/wp-content\/uploads\/2021\/11\/Soline.png\" alt=\"\"><\/p>\n<h2>Une couverture de naissance pour Soline<\/h2>\n<\/li>\n<\/ul>\n<h1>\n<p>&#8220;Je ne me rendais pas compte qu&#8217;offrir un cadeau personnalis\u00e9 donnait autant de plaisir\u00a0\u00e0 celui qui le re\u00e7oit qu&#8217;\u00e0 celui qui l&#8217;offre&#8221;<br \/>Anne<\/p>\n<\/h1>\n<div>\n<p>        <img decoding=\"async\" src=\"\/wp-content\/uploads\/2021\/11\/IMG_0426-1.jpg\" alt=\"\"><\/p>\n<div>\n<p>Sac \u00e0 main marin<\/p>\n<\/div>\n<\/div>\n<div>\n<p>        <img decoding=\"async\" src=\"\/wp-content\/uploads\/2021\/11\/IMG_1226-1-scaled.jpg\" alt=\"\"><\/p>\n<div>\n<p>Des id\u00e9es pour les Instits&#8217;<\/p>\n<\/div>\n<\/div>\n<ul>\n<li>\n<p>        <img decoding=\"async\" src=\"\/wp-content\/uploads\/2021\/11\/IMG_1244-scaled.jpg\" alt=\"\"><\/p>\n<h3>&#8211;<\/h3>\n<div>\n<p>La pochette \u00e0 mouchoirs<\/p>\n<\/div>\n<p><a href=\"#\">View Houses<\/a><\/p>\n<\/li>\n<li>\n<p>        <img decoding=\"async\" src=\"\/wp-content\/uploads\/2021\/11\/IMG_8068.jpg\" alt=\"\"><\/p>\n<div>\n<p>Un renard pour la serviette d&#8217;Olivia<\/p>\n<\/div>\n<p><a href=\"#\">View Houses<\/a><\/p>\n<\/li>\n<\/ul>\n<ul>\n<li>\n<p>        <img decoding=\"async\" src=\"\/wp-content\/uploads\/2021\/11\/IMG_1278-scaled.jpg\" alt=\"\"><\/p>\n<div>\n<p>Des trousses d&#8217;Amour !<\/p>\n<\/div>\n<p><a href=\"#\">View Houses<\/a><\/p>\n<\/li>\n<li>\n<p>        <img decoding=\"async\" src=\"\/wp-content\/uploads\/2021\/11\/IMG_1201-scaled.jpg\" alt=\"\"><\/p>\n<div>\n<p>Le loup veille sur la for\u00eat<\/p>\n<\/div>\n<p><a href=\"#\">View Houses<\/a><\/p>\n<\/li>\n<\/ul>\n<div>\n<p>        <img decoding=\"async\" src=\"\/wp-content\/uploads\/2021\/11\/IMG_7865-scaled.jpg\" alt=\"\"><\/p>\n<div>\n<p>Le plumier l&#8217;Afrika<\/p>\n<\/div>\n<\/div>\n<div>\n<p>        <img decoding=\"async\" src=\"\/wp-content\/uploads\/2021\/11\/IMG_1250-scaled-e1636819717790.jpg\" alt=\"\"><\/p>\n<div>\n<p>C&#8217;est aussi la f\u00eate dans la for\u00eat<\/p>\n<\/div>\n<\/div>\n<div>\n<p>        <img decoding=\"async\" src=\"\/wp-content\/uploads\/2021\/11\/IMG_1213-scaled.jpg\" alt=\"\"><\/p>\n<div>\n<p>La serviette de bain de Charlie<\/p>\n<\/div>\n<\/div>\n<ul>\n<li>\n<p>        <img decoding=\"async\" src=\"\/wp-content\/uploads\/2021\/11\/IMG_0855-1.jpg\" alt=\"\"><\/p>\n<div>\n<p>Bonne f\u00eate Maman<\/p>\n<\/div>\n<p><a href=\"#\">View Houses<\/a><\/p>\n<\/li>\n<li>\n<p>        <img decoding=\"async\" src=\"\/wp-content\/uploads\/2021\/11\/IMG_1229-scaled.jpg\" alt=\"\"><\/p>\n<div>\n<p>Des trousses \u00e0 tout !<\/p>\n<\/div>\n<p><a href=\"#\">View Houses<\/a><\/p>\n<\/li>\n<\/ul>\n<h1>Et vous ? \u00c0 qui souhaitez-vous offrir un cadeau unique ?<\/h1>\n<div>\n<p>Faites-nous part de vos id\u00e9es et nous les mettrons en couleurs !<\/p>\n<\/div>\n<ul>\n<li>\n        <a href=\"mailto:brodeuseandsisters@gmail.com\">Contactez-nous<\/a>\n    <\/li>\n<li>\n        <a href=\"\/index.php\/services\/\">D\u00e9couvrez toute notre gamme<\/a>\n    <\/li>\n<\/ul>\n<p><!--more--><br \/>\n<!-- {\"name\":\"Discover\",\"type\":\"layout\",\"children\":[{\"type\":\"section\",\"props\":{\"animation_delay\":false,\"image_position\":\"center-center\",\"padding_remove_top\":false,\"style\":\"default\",\"title_breakpoint\":\"xl\",\"title_position\":\"top-left\",\"title_rotation\":\"left\",\"vertical_align\":\"\",\"width\":\"\"},\"children\":[{\"type\":\"row\",\"children\":[{\"type\":\"column\",\"props\":{\"image_position\":\"center-center\",\"position_sticky_breakpoint\":\"m\"},\"children\":[{\"type\":\"headline\",\"props\":{\"content\":\"<span style=\\\"font-weight: 400;\\\">Tout le plaisir d'offrir un cadeau personnalis\\u00e9 !<\\\/span><br \\\/><span class=\\\"uk-text-primary\\\"><span class=\\\"uk-text-primary\\\"><span style=\\\"font-weight: 400;\\\">La conception, la confection et les broderies sont enti\\u00e8rement r\\u00e9alis\\u00e9es par Kathleen dans notre atelier de Bierges (Wavre).<\\\/span><\\\/span><\\\/span>\\n\n\n<p><\\\/p>\",\"text_align\":\"center\",\"title_element\":\"h1\",\"title_style\":\"heading-small\"}},{\"type\":\"overlay-slider\",\"props\":{\"content_style\":\"text-lead\",\"css\":\".el-image {\\n \\tmax-height: 60vh;\\n}\",\"image_height\":\"600\",\"image_transition\":\"scale-down\",\"image_width\":\"600\",\"link_style\":\"default\",\"link_text\":\"\",\"margin\":\"default\",\"meta_align\":\"above-title\",\"meta_element\":\"div\",\"meta_style\":\"h6\",\"nav\":\"\",\"nav_align\":\"center\",\"nav_breakpoint\":\"s\",\"overlay_hover\":false,\"overlay_link\":true,\"overlay_mode\":\"cover\",\"overlay_padding\":\"large\",\"overlay_position\":\"top-center\",\"overlay_transition\":\"fade\",\"overlay_transition_background\":false,\"show_content\":true,\"show_hover_image\":true,\"show_hover_video\":true,\"show_link\":false,\"show_meta\":true,\"show_title\":true,\"slidenav\":\"default\",\"slidenav_breakpoint\":\"s\",\"slidenav_color\":\"light\",\"slidenav_hover\":true,\"slidenav_margin\":\"medium\",\"slidenav_outside_breakpoint\":\"xl\",\"slider_autoplay\":true,\"slider_autoplay_interval\":\"5\",\"slider_autoplay_pause\":true,\"slider_center\":true,\"slider_gap\":\"small\",\"slider_sets\":false,\"slider_width\":\"\",\"slider_width_default\":\"1-2\",\"slider_width_medium\":\"1-4\",\"slider_width_small\":\"1-3\",\"text_align\":\"center\",\"text_color_hover\":false,\"title_decoration\":\"divider\",\"title_element\":\"h2\",\"title_hover_style\":\"reset\",\"title_link\":false,\"title_margin\":\"small\",\"title_style\":\"h1\"},\"children\":[{\"type\":\"overlay-slider_item\",\"props\":{\"content\":\"\",\"image\":\"wp-content\\\/uploads\\\/2021\\\/11\\\/IMG_0594.jpg\",\"link\":\"#\",\"meta\":\"\",\"text_color\":\"light\",\"text_color_hover\":true,\"title\":\"Un loup majestueux pour une taie d'oreiller\"}},{\"type\":\"overlay-slider_item\",\"props\":{\"content\":\"\",\"image\":\"wp-content\\\/uploads\\\/2021\\\/11\\\/IMG_0814-1.jpg\",\"link\":\"#\",\"meta\":\"\",\"text_color\":\"light\",\"title\":\"Un cadre de naissance pour Alexandre\"}},{\"type\":\"overlay-slider_item\",\"props\":{\"content\":\"\",\"image\":\"wp-content\\\/uploads\\\/2021\\\/11\\\/IMG_0758.jpg\",\"link\":\"#\",\"meta\":\"\",\"text_color\":\"light\",\"title\":\"Un bel essuie de bain pour Lila\"}},{\"type\":\"overlay-slider_item\",\"props\":{\"content\":\"\",\"image\":\"wp-content\\\/uploads\\\/2021\\\/11\\\/IMG_0509-e1636836825907.jpg\",\"link\":\"#\",\"meta\":\"\",\"text_color\":\"light\",\"title\":\"Une chaussette de No\\u00ebl pour Timmy\"}},{\"type\":\"overlay-slider_item\",\"props\":{\"content\":\"\",\"image\":\"wp-content\\\/uploads\\\/2021\\\/11\\\/IMG_1260-scaled-e1636819150741.jpg\",\"meta\":\"\",\"text_color\":\"light\",\"title\":\"Un petit chat qui deviendra grand sur le dos d\\u2019un pull\"}},{\"type\":\"overlay-slider_item\",\"props\":{\"content\":\"\",\"image\":\"wp-content\\\/uploads\\\/2021\\\/11\\\/Soline.png\",\"meta\":\"\",\"text_color\":\"light\",\"title\":\"Une couverture de naissance pour Soline\"}}]}]}],\"props\":{\"height\":\"viewport\",\"height_offset_top\":true}}],\"name\":\"Categories\"},{\"type\":\"section\",\"props\":{\"image_position\":\"center-center\",\"padding\":\"xsmall\",\"style\":\"default\",\"title_breakpoint\":\"xl\",\"title_position\":\"top-left\",\"title_rotation\":\"left\",\"vertical_align\":\"\",\"width\":\"large\"},\"children\":[{\"type\":\"row\",\"children\":[{\"type\":\"column\",\"props\":{\"image_position\":\"center-center\",\"position_sticky_breakpoint\":\"m\"},\"children\":[{\"type\":\"headline\",\"props\":{\"content\":\"\n\n<p>\\\"Je ne me rendais pas compte qu'offrir un cadeau personnalis\\u00e9 donnait autant de plaisir\\u00a0\\u00e0 celui qui le re\\u00e7oit qu'\\u00e0 celui qui l'offre\\\"<br \\\/>Anne<\\\/p>\",\"text_align\":\"center\",\"title_element\":\"h1\",\"title_style\":\"heading-small\"}}]}]}],\"name\":\"About\"},{\"type\":\"section\",\"props\":{\"animation_delay\":false,\"image_position\":\"bottom-left\",\"image_size\":\"contain\",\"padding\":\"xsmall\",\"padding_remove_bottom\":false,\"padding_remove_top\":false,\"style\":\"default\",\"title_breakpoint\":\"xl\",\"title_position\":\"top-left\",\"title_rotation\":\"left\",\"vertical_align\":\"\",\"width\":\"large\"},\"children\":[{\"type\":\"row\",\"props\":{\"column_gap\":\"small\",\"layout\":\"1-2,1-2\",\"margin_remove_bottom\":false,\"margin_remove_top\":false,\"row_gap\":\"collapse\"},\"children\":[{\"type\":\"column\",\"props\":{\"image_position\":\"center-center\",\"position_sticky_breakpoint\":\"m\",\"width_medium\":\"1-2\"},\"children\":[{\"type\":\"overlay\",\"props\":{\"content\":\"\n\n<p>Sac \\u00e0 main marin<\\\/p>\",\"content_margin\":\"small\",\"image\":\"wp-content\\\/uploads\\\/2021\\\/11\\\/IMG_0426-1.jpg\",\"image_height\":\"900\",\"image_transition\":\"scale-down\",\"image_width\":\"900\",\"link_margin\":\"remove\",\"link_style\":\"\",\"link_text\":\"\",\"margin\":\"default\",\"margin_remove_bottom\":true,\"meta_align\":\"below-title\",\"meta_element\":\"div\",\"meta_style\":\"text-meta\",\"overlay_hover\":false,\"overlay_link\":true,\"overlay_mode\":\"cover\",\"overlay_position\":\"bottom-left\",\"overlay_style\":\"\",\"overlay_transition\":\"fade\",\"text_align\":\"\",\"text_color\":\"light\",\"title\":\"\",\"title_element\":\"h3\",\"title_hover_style\":\"reset\",\"visibility\":\"m\"},\"modified\":\"2020-11-24T16:30:51.601Z\"}]},{\"type\":\"column\",\"props\":{\"image_position\":\"center-center\",\"position_sticky_breakpoint\":\"m\",\"width_medium\":\"1-2\"},\"children\":[{\"type\":\"overlay\",\"props\":{\"content\":\"\n\n<p>Des id\\u00e9es pour les Instits'<\\\/p>\",\"content_margin\":\"small\",\"image\":\"wp-content\\\/uploads\\\/2021\\\/11\\\/IMG_1226-1-scaled.jpg\",\"image_height\":\"440\",\"image_transition\":\"scale-down\",\"image_width\":\"900\",\"link_margin\":\"remove\",\"link_style\":\"\",\"link_text\":\"\",\"margin\":\"default\",\"margin_remove_bottom\":true,\"meta_align\":\"below-title\",\"meta_element\":\"div\",\"meta_style\":\"text-meta\",\"overlay_hover\":false,\"overlay_link\":true,\"overlay_mode\":\"cover\",\"overlay_position\":\"bottom-left\",\"overlay_style\":\"\",\"overlay_transition\":\"fade\",\"text_align\":\"\",\"text_color\":\"light\",\"title\":\"\",\"title_element\":\"h3\",\"title_hover_style\":\"reset\",\"visibility\":\"m\"},\"modified\":\"2020-11-24T16:30:51.601Z\"},{\"type\":\"gallery\",\"props\":{\"class\":\"uk-grid-margin-small\",\"filter_align\":\"left\",\"filter_all\":true,\"filter_grid_breakpoint\":\"m\",\"filter_grid_width\":\"auto\",\"filter_position\":\"top\",\"filter_style\":\"tab\",\"grid_column_gap\":\"small\",\"grid_default\":\"1\",\"grid_medium\":\"\",\"grid_row_gap\":\"small\",\"grid_small\":\"2\",\"image_height\":\"610\",\"image_transition\":\"scale-down\",\"image_width\":\"610\",\"item_animation\":true,\"link_margin\":\"remove\",\"link_style\":\"\",\"link_text\":\"View Houses\",\"margin\":\"\",\"margin_remove_bottom\":false,\"margin_remove_top\":false,\"meta_align\":\"below-title\",\"meta_element\":\"div\",\"meta_style\":\"text-meta\",\"overlay_hover\":false,\"overlay_link\":true,\"overlay_mode\":\"cover\",\"overlay_position\":\"bottom-left\",\"overlay_style\":\"\",\"overlay_transition\":\"fade\",\"parallax_easing\":\"1\",\"show_content\":true,\"show_hover_image\":true,\"show_hover_video\":true,\"show_link\":false,\"show_meta\":false,\"show_title\":false,\"text_align\":\"\",\"text_color\":\"light\",\"title_element\":\"h3\",\"title_hover_style\":\"reset\"},\"children\":[{\"type\":\"gallery_item\",\"props\":{\"content\":\"\n\n<p>La pochette \\u00e0 mouchoirs<\\\/p>\",\"image\":\"wp-content\\\/uploads\\\/2021\\\/11\\\/IMG_1244-scaled.jpg\",\"link\":\"#\",\"title\":\"-\"}},{\"type\":\"gallery_item\",\"props\":{\"content\":\"\n\n<p>Un renard pour la serviette d'Olivia<\\\/p>\",\"image\":\"wp-content\\\/uploads\\\/2021\\\/11\\\/IMG_8068.jpg\",\"link\":\"#\",\"title\":\"\"}}]}]}]},{\"type\":\"row\",\"props\":{\"column_gap\":\"small\",\"layout\":\"1-2,1-2\",\"margin_remove_top\":false,\"row_gap\":\"small\"},\"children\":[{\"type\":\"column\",\"props\":{\"image_position\":\"center-center\",\"position_sticky_breakpoint\":\"m\",\"width_medium\":\"1-2\"},\"children\":[{\"type\":\"gallery\",\"props\":{\"class\":\"uk-grid-margin-small\",\"filter_align\":\"left\",\"filter_all\":true,\"filter_grid_breakpoint\":\"m\",\"filter_grid_width\":\"auto\",\"filter_position\":\"top\",\"filter_style\":\"tab\",\"grid_column_gap\":\"small\",\"grid_default\":\"1\",\"grid_medium\":\"\",\"grid_row_gap\":\"small\",\"grid_small\":\"2\",\"image_height\":\"610\",\"image_transition\":\"scale-down\",\"image_width\":\"610\",\"item_animation\":true,\"link_margin\":\"remove\",\"link_style\":\"\",\"link_text\":\"View Houses\",\"margin\":\"\",\"margin_remove_bottom\":false,\"meta_align\":\"below-title\",\"meta_element\":\"div\",\"meta_style\":\"text-meta\",\"overlay_hover\":false,\"overlay_link\":true,\"overlay_mode\":\"cover\",\"overlay_position\":\"bottom-left\",\"overlay_style\":\"\",\"overlay_transition\":\"fade\",\"parallax_easing\":\"1\",\"show_content\":true,\"show_hover_image\":true,\"show_hover_video\":true,\"show_link\":false,\"show_meta\":true,\"show_title\":true,\"text_align\":\"\",\"text_color\":\"light\",\"title_element\":\"h3\",\"title_hover_style\":\"reset\"},\"children\":[{\"type\":\"gallery_item\",\"props\":{\"content\":\"\n\n<p>Des trousses d'Amour !<\\\/p>\",\"image\":\"wp-content\\\/uploads\\\/2021\\\/11\\\/IMG_1278-scaled.jpg\",\"link\":\"#\",\"title\":\"\"}},{\"type\":\"gallery_item\",\"props\":{\"content\":\"\n\n<p>Le loup veille sur la for\\u00eat<\\\/p>\",\"image\":\"wp-content\\\/uploads\\\/2021\\\/11\\\/IMG_1201-scaled.jpg\",\"link\":\"#\",\"title\":\"\"}}]},{\"type\":\"overlay\",\"props\":{\"content\":\"\n\n<p>Le plumier l'Afrika<\\\/p>\",\"content_margin\":\"small\",\"image\":\"wp-content\\\/uploads\\\/2021\\\/11\\\/IMG_7865-scaled.jpg\",\"image_height\":\"440\",\"image_transition\":\"scale-down\",\"image_width\":\"900\",\"link_margin\":\"remove\",\"link_style\":\"\",\"link_text\":\"\",\"margin\":\"default\",\"margin_remove_bottom\":true,\"meta_align\":\"below-title\",\"meta_element\":\"div\",\"meta_style\":\"text-meta\",\"overlay_hover\":false,\"overlay_link\":true,\"overlay_mode\":\"cover\",\"overlay_position\":\"bottom-left\",\"overlay_style\":\"\",\"overlay_transition\":\"fade\",\"text_align\":\"\",\"text_color\":\"light\",\"title\":\"\",\"title_element\":\"h3\",\"title_hover_style\":\"reset\",\"visibility\":\"m\"},\"modified\":\"2020-11-24T16:30:51.601Z\"}]},{\"type\":\"column\",\"props\":{\"image_position\":\"center-center\",\"position_sticky_breakpoint\":\"m\",\"width_medium\":\"1-2\"},\"children\":[{\"type\":\"overlay\",\"props\":{\"content\":\"\n\n<p>C'est aussi la f\\u00eate dans la for\\u00eat<\\\/p>\",\"content_margin\":\"small\",\"image\":\"wp-content\\\/uploads\\\/2021\\\/11\\\/IMG_1250-scaled-e1636819717790.jpg\",\"image_height\":\"1800\",\"image_transition\":\"scale-down\",\"image_width\":\"1800\",\"link_margin\":\"remove\",\"link_style\":\"\",\"link_text\":\"\",\"margin\":\"default\",\"margin_remove_bottom\":true,\"meta_align\":\"below-title\",\"meta_element\":\"div\",\"meta_style\":\"text-meta\",\"overlay_hover\":false,\"overlay_link\":true,\"overlay_mode\":\"cover\",\"overlay_position\":\"bottom-left\",\"overlay_style\":\"\",\"overlay_transition\":\"fade\",\"text_align\":\"\",\"text_color\":\"light\",\"title\":\"\",\"title_element\":\"h3\",\"title_hover_style\":\"reset\",\"visibility\":\"m\"},\"modified\":\"2020-11-24T16:30:51.601Z\"}]}]},{\"type\":\"row\",\"props\":{\"column_gap\":\"small\",\"layout\":\"1-2,1-2\",\"row_gap\":\"small\"},\"children\":[{\"type\":\"column\",\"props\":{\"image_position\":\"center-center\",\"position_sticky_breakpoint\":\"m\",\"width_medium\":\"1-2\"},\"children\":[{\"type\":\"overlay\",\"props\":{\"content\":\"\n\n<p>La serviette de bain de Charlie<\\\/p>\",\"content_margin\":\"small\",\"image\":\"wp-content\\\/uploads\\\/2021\\\/11\\\/IMG_1213-scaled.jpg\",\"image_height\":\"440\",\"image_transition\":\"scale-down\",\"image_width\":\"900\",\"link_margin\":\"remove\",\"link_style\":\"\",\"link_text\":\"\",\"margin\":\"default\",\"margin_remove_bottom\":true,\"meta_align\":\"below-title\",\"meta_element\":\"div\",\"meta_style\":\"text-meta\",\"overlay_hover\":false,\"overlay_link\":true,\"overlay_mode\":\"cover\",\"overlay_position\":\"bottom-left\",\"overlay_style\":\"\",\"overlay_transition\":\"fade\",\"text_align\":\"\",\"text_color\":\"light\",\"title\":\"\",\"title_element\":\"h3\",\"title_hover_style\":\"reset\",\"visibility\":\"s\"},\"modified\":\"2020-11-24T16:30:51.601Z\"}]},{\"type\":\"column\",\"props\":{\"image_position\":\"center-center\",\"position_sticky_breakpoint\":\"m\",\"width_medium\":\"1-2\"},\"children\":[{\"type\":\"gallery\",\"props\":{\"filter_align\":\"left\",\"filter_all\":true,\"filter_grid_breakpoint\":\"m\",\"filter_grid_width\":\"auto\",\"filter_position\":\"top\",\"filter_style\":\"tab\",\"grid_column_gap\":\"small\",\"grid_default\":\"1\",\"grid_medium\":\"\",\"grid_row_gap\":\"small\",\"grid_small\":\"2\",\"image_height\":\"610\",\"image_transition\":\"scale-down\",\"image_width\":\"610\",\"item_animation\":true,\"link_margin\":\"remove\",\"link_style\":\"\",\"link_text\":\"View Houses\",\"margin\":\"small\",\"meta_align\":\"below-title\",\"meta_element\":\"div\",\"meta_style\":\"text-meta\",\"overlay_hover\":false,\"overlay_link\":true,\"overlay_mode\":\"cover\",\"overlay_position\":\"bottom-left\",\"overlay_style\":\"\",\"overlay_transition\":\"fade\",\"parallax_easing\":\"1\",\"show_content\":true,\"show_hover_image\":true,\"show_hover_video\":true,\"show_link\":false,\"show_meta\":true,\"show_title\":true,\"text_align\":\"\",\"text_color\":\"light\",\"title_element\":\"h3\",\"title_hover_style\":\"reset\"},\"children\":[{\"type\":\"gallery_item\",\"props\":{\"content\":\"\n\n<p>Bonne f\\u00eate Maman<\\\/p>\",\"image\":\"wp-content\\\/uploads\\\/2021\\\/11\\\/IMG_0855-1.jpg\",\"link\":\"#\",\"title\":\"\"}},{\"type\":\"gallery_item\",\"props\":{\"content\":\"\n\n<p>Des trousses \\u00e0 tout !<\\\/p>\",\"image\":\"wp-content\\\/uploads\\\/2021\\\/11\\\/IMG_1229-scaled.jpg\",\"link\":\"#\",\"title\":\"\"}}]}]}]}],\"name\":\"Tags\"},{\"type\":\"section\",\"props\":{\"animation\":\"fade\",\"image\":\"wp-content\\\/uploads\\\/2021\\\/11\\\/IMG_1280-scaled-e1636843870315.jpg\",\"image_position\":\"bottom-left\",\"image_size\":\"contain\",\"image_width\":\"2560\",\"padding\":\"xlarge\",\"style\":\"default\",\"title_breakpoint\":\"xl\",\"title_position\":\"top-left\",\"title_rotation\":\"left\",\"vertical_align\":\"\",\"width\":\"default\"},\"children\":[{\"type\":\"row\",\"props\":{\"margin\":\"xlarge\"},\"children\":[{\"type\":\"column\",\"props\":{\"image_position\":\"center-center\",\"position_sticky_breakpoint\":\"m\"},\"children\":[{\"type\":\"headline\",\"props\":{\"content\":\"Et vous ? \\u00c0 qui souhaitez-vous offrir un cadeau unique ?\",\"margin_remove_top\":true,\"text_align\":\"left\",\"text_align_breakpoint\":\"s\",\"text_align_fallback\":\"center\",\"title_color\":\"background\",\"title_element\":\"h1\",\"title_style\":\"heading-small\"}},{\"type\":\"text\",\"props\":{\"column_breakpoint\":\"m\",\"content\":\"\n\n<p>Faites-nous part de vos id\\u00e9es et nous les mettrons en couleurs !<\\\/p>\",\"dropcap\":false,\"margin\":\"small\",\"margin_remove_top\":false,\"maxwidth\":\"large\",\"text_align\":\"left\",\"text_align_breakpoint\":\"s\",\"text_color\":\"danger\",\"text_style\":\"lead\"}},{\"type\":\"button\",\"props\":{\"animation\":\"slide-bottom-small\",\"grid_column_gap\":\"small\",\"grid_row_gap\":\"small\",\"margin\":\"medium\",\"text_align\":\"left\",\"text_align_breakpoint\":\"s\",\"text_align_fallback\":\"center\"},\"children\":[{\"type\":\"button_item\",\"props\":{\"button_style\":\"primary\",\"content\":\"Contactez-nous\",\"icon_align\":\"left\",\"link\":\"mailto:brodeuseandsisters@gmail.com\"}},{\"type\":\"button_item\",\"props\":{\"button_style\":\"primary\",\"content\":\"D\\u00e9couvrez toute notre gamme\",\"icon_align\":\"left\",\"link\":\"index.php\\\/services\\\/\",\"link_title\":\"D\\u00e9couvrez toute notre gamme\"}}]}]}]}],\"name\":\"Call to Action\"}],\"version\":\"4.4.16\"} --><\/p>\n","protected":false},"excerpt":{"rendered":"<p>Tout le plaisir d&#8217;offrir un cadeau personnalis\u00e9 !La conception, la confection et les broderies sont enti\u00e8rement r\u00e9alis\u00e9es par Kathleen dans notre atelier de Bierges (Wavre). Un loup majestueux pour une taie d&#8217;oreiller Un cadre de naissance pour Alexandre Un bel essuie de bain pour Lila Une chaussette de No\u00ebl pour Timmy Un petit chat qui [&hellip;]<\/p>\n","protected":false},"author":1,"featured_media":0,"parent":0,"menu_order":0,"comment_status":"closed","ping_status":"closed","template":"","meta":{"footnotes":""},"class_list":["post-368","page","type-page","status-publish","hentry"],"_links":{"self":[{"href":"https:\/\/www.brodeuseandsisters.be\/index.php\/wp-json\/wp\/v2\/pages\/368","targetHints":{"allow":["GET"]}}],"collection":[{"href":"https:\/\/www.brodeuseandsisters.be\/index.php\/wp-json\/wp\/v2\/pages"}],"about":[{"href":"https:\/\/www.brodeuseandsisters.be\/index.php\/wp-json\/wp\/v2\/types\/page"}],"author":[{"embeddable":true,"href":"https:\/\/www.brodeuseandsisters.be\/index.php\/wp-json\/wp\/v2\/users\/1"}],"replies":[{"embeddable":true,"href":"https:\/\/www.brodeuseandsisters.be\/index.php\/wp-json\/wp\/v2\/comments?post=368"}],"version-history":[{"count":24,"href":"https:\/\/www.brodeuseandsisters.be\/index.php\/wp-json\/wp\/v2\/pages\/368\/revisions"}],"predecessor-version":[{"id":507,"href":"https:\/\/www.brodeuseandsisters.be\/index.php\/wp-json\/wp\/v2\/pages\/368\/revisions\/507"}],"wp:attachment":[{"href":"https:\/\/www.brodeuseandsisters.be\/index.php\/wp-json\/wp\/v2\/media?parent=368"}],"curies":[{"name":"wp","href":"https:\/\/api.w.org\/{rel}","templated":true}]}}