{"id":108,"date":"2021-11-11T13:55:22","date_gmt":"2021-11-11T12:55:22","guid":{"rendered":"http:\/\/www.brodeuseandsisters.be\/?page_id=108"},"modified":"2024-12-14T13:59:32","modified_gmt":"2024-12-14T12:59:32","slug":"services","status":"publish","type":"page","link":"https:\/\/www.brodeuseandsisters.be\/index.php\/services\/","title":{"rendered":"Services"},"content":{"rendered":"<h1>\n<p><span style=\"font-weight: 400;\">D\u00e9couvrez notre gamme <\/span><br \/><span class=\"uk-text-primary\"><span class=\"uk-text-primary\"><span style=\"font-weight: 400;\">de cadeaux uniques et personnalisables !<\/span><\/span><\/span><\/p>\n<\/h1>\n<ul>\n<li>\n<p><img decoding=\"async\" src=\"\/wp-content\/uploads\/2021\/11\/IMG_1216-scaled.jpg\" alt=\"\"><\/p>\n<h2>Des cadeaux pour chaque occasion<\/h2>\n<div>\n<p>Brodeuse and Sisters vous propose des cadeaux uniques pour des \u00e9v\u00e9nements tels que naissances, bapt\u00eames, anniversaires, communions, mariages, Saint Valentin, P\u00e2ques, No\u00ebl, Nouvel An, f\u00eate des M\u00e8res, f\u00eate des P\u00e8res, remerciements, \u2026<\/p>\n<\/div>\n<p><a href=\"http:\/\/www.brodeuseandsisters.be\/index.php\/des-cadeaux-pour-toutes-les-occasions\/\">En savoir plus<\/a><\/p>\n<\/li>\n<li>\n<p><img decoding=\"async\" src=\"\/wp-content\/uploads\/2021\/11\/IMG_1294-scaled-e1636817946702.jpg\" alt=\"\"><\/p>\n<h2>Personnalisation<\/h2>\n<div>Brodeuse and Sisters personnalise pour vous des baby capes, essuies de bain, serviettes de table, nappes, essuies de cuisine, plaids, doudous, draps, taies d&#8217;oreiller, coussins, v\u00eatements, peignoirs, tabliers, sacs, tote bags, sacs \u00e0 dos\u2026\n<\/div>\n<p><a href=\"http:\/\/www.brodeuseandsisters.be\/index.php\/personnalisations\/\">En savoir plus<\/a><\/p>\n<\/li>\n<li>\n<p><img decoding=\"async\" src=\"\/wp-content\/uploads\/2021\/11\/IMG_1284-scaled.jpg\" alt=\"\"><\/p>\n<h2>Confection<\/h2>\n<div>\n<p>Brodeuse and Sisters confectionne des trousses, pochettes, plumiers, porte-monnaies, pani\u00e8res, d\u00e9corations murales, cadres de naissance, lettres individuelles, chaussettes de No\u00ebl, sacs \u00e0 main en patchwork, \u2026<\/p>\n<\/div>\n<p><a href=\"http:\/\/www.brodeuseandsisters.be\/index.php\/confection\/\">En savoir plus<\/a><\/p>\n<\/li>\n<\/ul>\n<h3>Vous avez plein d&#8217;id\u00e9es pour faire plaisir \u00e0 vos proches ?<\/h3>\n<div>\n<p><span>\u00c1 titre d\u2019exemple, nous vous donnons une id\u00e9e de prix de quelques-unes de nos broderies et confections.\u00a0<\/span><\/p>\n<\/div>\n<p>\n    <a href=\"mailto:brodeuseandsisters@gmail.com\">Contactez-nous<\/a>\n<\/p>\n<p><!--more--><br \/>\n<!-- {\"children\":[{\"type\":\"section\",\"props\":{\"header_transparent\":true,\"header_transparent_noplaceholder\":false,\"header_transparent_text_color\":\"dark\",\"image_position\":\"center-center\",\"overlap\":false,\"style\":\"muted\",\"title_breakpoint\":\"xl\",\"title_position\":\"center-right\",\"title_rotation\":\"left\",\"vertical_align\":\"\",\"width\":\"default\"},\"children\":[{\"type\":\"row\",\"children\":[{\"type\":\"column\",\"props\":{\"image_position\":\"center-center\",\"position_sticky_breakpoint\":\"m\",\"width_medium\":\"1-1\"},\"children\":[{\"type\":\"headline\",\"props\":{\"block_align\":\"center\",\"content\":\"\n\n<p><span style=\\\"font-weight: 400;\\\">D\\u00e9couvrez notre gamme <\\\/span><br \\\/><span class=\\\"uk-text-primary\\\"><span class=\\\"uk-text-primary\\\"><span style=\\\"font-weight: 400;\\\">de cadeaux uniques et personnalisables !<\\\/span><\\\/span><\\\/span><\\\/p>\",\"margin\":\"medium\",\"maxwidth\":\"2xlarge\",\"text_align\":\"center\",\"title_element\":\"h1\",\"title_style\":\"heading-small\"}}]}],\"props\":{\"margin\":\"default\",\"margin_remove_top\":false}}],\"name\":\"Hero\"},{\"type\":\"section\",\"props\":{\"image_position\":\"center-center\",\"padding\":\"large\",\"padding_remove_top\":true,\"style\":\"muted\",\"title_breakpoint\":\"xl\",\"title_position\":\"top-left\",\"title_rotation\":\"left\",\"vertical_align\":\"\",\"width\":\"xlarge\"},\"children\":[{\"type\":\"row\",\"children\":[{\"type\":\"column\",\"props\":{\"image_position\":\"center-center\",\"position_sticky_breakpoint\":\"m\",\"width_medium\":\"1-1\"},\"children\":[{\"type\":\"grid\",\"props\":{\"content_column_breakpoint\":\"m\",\"content_margin\":\"small\",\"filter_align\":\"left\",\"filter_all\":true,\"filter_grid_breakpoint\":\"m\",\"filter_grid_width\":\"auto\",\"filter_position\":\"top\",\"filter_style\":\"tab\",\"grid_default\":\"1\",\"grid_large\":\"3\",\"grid_medium\":\"\",\"grid_small\":\"2\",\"icon_ratio\":4,\"icon_width\":80,\"image_align\":\"top\",\"image_grid_breakpoint\":\"m\",\"image_grid_width\":\"1-2\",\"image_link\":true,\"image_svg_color\":\"emphasis\",\"image_width\":\"610\",\"item_animation\":true,\"link_style\":\"text\",\"link_text\":\"Read More\",\"margin\":\"large\",\"margin_remove_top\":true,\"meta_align\":\"below-content\",\"meta_color\":\"muted\",\"meta_element\":\"div\",\"meta_style\":\"h6\",\"panel_image_no_padding\":true,\"panel_link\":false,\"panel_padding\":\"default\",\"parallax_easing\":\"1\",\"show_content\":true,\"show_image\":true,\"show_link\":true,\"show_meta\":true,\"show_title\":true,\"text_align\":\"center\",\"title_align\":\"top\",\"title_element\":\"h2\",\"title_grid_breakpoint\":\"m\",\"title_grid_width\":\"1-2\",\"title_hover_style\":\"reset\",\"title_link\":true,\"title_style\":\"h1\"},\"children\":[{\"type\":\"grid_item\",\"props\":{\"content\":\"\n\n<p>Brodeuse and Sisters vous propose des cadeaux uniques pour des \\u00e9v\\u00e9nements tels que naissances, bapt\\u00eames, anniversaires, communions, mariages, Saint Valentin, P\\u00e2ques, No\\u00ebl, Nouvel An, f\\u00eate des M\\u00e8res, f\\u00eate des P\\u00e8res, remerciements, \\u2026<\\\/p>\",\"image\":\"wp-content\\\/uploads\\\/2021\\\/11\\\/IMG_1216-scaled.jpg\",\"link\":\"http:\\\/\\\/www.brodeuseandsisters.be\\\/index.php\\\/des-cadeaux-pour-toutes-les-occasions\\\/\",\"link_text\":\"En savoir plus\",\"panel_style\":\"card-primary\",\"title\":\"Des cadeaux pour chaque occasion\"}},{\"type\":\"grid_item\",\"props\":{\"content\":\"Brodeuse and Sisters personnalise pour vous des baby capes, essuies de bain, serviettes de table, nappes, essuies de cuisine, plaids, doudous, draps, taies d'oreiller, coussins, v\\u00eatements, peignoirs, tabliers, sacs, tote bags, sacs \\u00e0 dos\\u2026\\n\",\"image\":\"wp-content\\\/uploads\\\/2021\\\/11\\\/IMG_1294-scaled-e1636817946702.jpg\",\"link\":\"http:\\\/\\\/www.brodeuseandsisters.be\\\/index.php\\\/personnalisations\\\/\",\"link_text\":\"En savoir plus\",\"panel_style\":\"card-primary\",\"title\":\"Personnalisation\"}},{\"type\":\"grid_item\",\"props\":{\"content\":\"\n\n<p>Brodeuse and Sisters confectionne des trousses, pochettes, plumiers, porte-monnaies, pani\\u00e8res, d\\u00e9corations murales, cadres de naissance, lettres individuelles, chaussettes de No\\u00ebl, sacs \\u00e0 main en patchwork, \\u2026<\\\/p>\",\"image\":\"wp-content\\\/uploads\\\/2021\\\/11\\\/IMG_1284-scaled.jpg\",\"link\":\"http:\\\/\\\/www.brodeuseandsisters.be\\\/index.php\\\/confection\\\/\",\"link_text\":\"En savoir plus\",\"panel_style\":\"card-primary\",\"title\":\"Confection\"}}]}]}]}],\"name\":\"Posts\"},{\"type\":\"section\",\"props\":{\"animation\":\"fade\",\"image_position\":\"center-center\",\"padding\":\"none\",\"padding_remove_top\":false,\"style\":\"default\",\"title_breakpoint\":\"xl\",\"title_position\":\"top-left\",\"title_rotation\":\"left\",\"vertical_align\":\"\",\"width\":\"large\"},\"children\":[{\"type\":\"row\",\"children\":[{\"type\":\"column\",\"props\":{\"image_position\":\"center-center\",\"padding\":\"large\",\"position_sticky_breakpoint\":\"m\",\"style\":\"tile-muted\",\"vertical_align\":\"middle\",\"width_large\":\"3-5\",\"width_medium\":\"1-2\"},\"children\":[{\"type\":\"headline\",\"props\":{\"block_align\":\"center\",\"content\":\"Vous avez plein d'id\\u00e9es pour faire plaisir \\u00e0 vos proches ?\",\"maxwidth\":\"xlarge\",\"text_align\":\"left\",\"text_align_breakpoint\":\"m\",\"text_align_fallback\":\"center\",\"title_element\":\"h3\",\"title_style\":\"h1\"}},{\"type\":\"text\",\"props\":{\"block_align\":\"center\",\"block_align_breakpoint\":\"m\",\"block_align_fallback\":\"center\",\"column_breakpoint\":\"m\",\"content\":\"\n\n<p><span>\\u00c1 titre d\\u2019exemple, nous vous donnons une id\\u00e9e de prix de quelques-unes de nos broderies et confections.\\u00a0<\\\/span><\\\/p>\",\"margin\":\"default\",\"maxwidth\":\"xlarge\",\"maxwidth_breakpoint\":\"m\",\"text_align\":\"left\",\"text_align_breakpoint\":\"m\",\"text_align_fallback\":\"center\"}},{\"type\":\"button\",\"props\":{\"animation\":\"slide-bottom-small\",\"block_align\":\"center\",\"grid_column_gap\":\"small\",\"grid_row_gap\":\"small\",\"margin\":\"medium\",\"maxwidth\":\"xlarge\",\"text_align\":\"left\",\"text_align_breakpoint\":\"m\",\"text_align_fallback\":\"center\"},\"children\":[{\"type\":\"button_item\",\"props\":{\"button_style\":\"primary\",\"content\":\"Contactez-nous\",\"icon_align\":\"left\",\"link\":\"mailto:brodeuseandsisters@gmail.com\",\"link_title\":\"Contactez-nous\"}}]}]},{\"type\":\"column\",\"props\":{\"image\":\"wp-content\\\/uploads\\\/2021\\\/11\\\/Logo-Brodeuse-Sisters-2.png\",\"image_position\":\"center-center\",\"padding\":\"none\",\"position_sticky_breakpoint\":\"m\",\"style\":\"tile-muted\",\"vertical_align\":\"bottom\",\"width_large\":\"2-5\",\"width_medium\":\"1-2\"}}],\"props\":{\"column_gap\":\"collapse\",\"layout\":\"3-5,2-5\",\"row_gap\":\"collapse\"}}],\"name\":\"Call to Action\"}],\"version\":\"4.4.16\",\"type\":\"layout\"} --><\/p>\n","protected":false},"excerpt":{"rendered":"<p>D\u00e9couvrez notre gamme de cadeaux uniques et personnalisables ! Des cadeaux pour chaque occasion Brodeuse and Sisters vous propose des cadeaux uniques pour des \u00e9v\u00e9nements tels que naissances, bapt\u00eames, anniversaires, communions, mariages, Saint Valentin, P\u00e2ques, No\u00ebl, Nouvel An, f\u00eate des M\u00e8res, f\u00eate des P\u00e8res, remerciements, \u2026 En savoir plus Personnalisation Brodeuse and Sisters personnalise pour [&hellip;]<\/p>\n","protected":false},"author":1,"featured_media":0,"parent":0,"menu_order":0,"comment_status":"closed","ping_status":"closed","template":"","meta":{"footnotes":""},"class_list":["post-108","page","type-page","status-publish","hentry"],"_links":{"self":[{"href":"https:\/\/www.brodeuseandsisters.be\/index.php\/wp-json\/wp\/v2\/pages\/108","targetHints":{"allow":["GET"]}}],"collection":[{"href":"https:\/\/www.brodeuseandsisters.be\/index.php\/wp-json\/wp\/v2\/pages"}],"about":[{"href":"https:\/\/www.brodeuseandsisters.be\/index.php\/wp-json\/wp\/v2\/types\/page"}],"author":[{"embeddable":true,"href":"https:\/\/www.brodeuseandsisters.be\/index.php\/wp-json\/wp\/v2\/users\/1"}],"replies":[{"embeddable":true,"href":"https:\/\/www.brodeuseandsisters.be\/index.php\/wp-json\/wp\/v2\/comments?post=108"}],"version-history":[{"count":25,"href":"https:\/\/www.brodeuseandsisters.be\/index.php\/wp-json\/wp\/v2\/pages\/108\/revisions"}],"predecessor-version":[{"id":508,"href":"https:\/\/www.brodeuseandsisters.be\/index.php\/wp-json\/wp\/v2\/pages\/108\/revisions\/508"}],"wp:attachment":[{"href":"https:\/\/www.brodeuseandsisters.be\/index.php\/wp-json\/wp\/v2\/media?parent=108"}],"curies":[{"name":"wp","href":"https:\/\/api.w.org\/{rel}","templated":true}]}}